{"id":2,"date":"2025-10-29T17:57:46","date_gmt":"2025-10-29T17:57:46","guid":{"rendered":"https:\/\/emyturizm.com\/?page_id=2"},"modified":"2025-12-17T14:01:34","modified_gmt":"2025-12-17T14:01:34","slug":"2-2","status":"publish","type":"page","link":"https:\/\/emyturizm.com\/","title":{"rendered":""},"content":{"rendered":"\n<figure class=\"wp-block-image aligncenter size-large is-resized is-style-rounded\"><img loading=\"lazy\" decoding=\"async\" width=\"1024\" height=\"1024\" src=\"https:\/\/emyturizm.com\/wp-content\/uploads\/2025\/12\/emyturizm-logo-1024x1024.jpg\" alt=\"\" class=\"wp-image-20\" style=\"object-fit:cover;width:195px;height:auto\" srcset=\"https:\/\/emyturizm.com\/wp-content\/uploads\/2025\/12\/emyturizm-logo-1024x1024.jpg 1024w, https:\/\/emyturizm.com\/wp-content\/uploads\/2025\/12\/emyturizm-logo-300x300.jpg 300w, https:\/\/emyturizm.com\/wp-content\/uploads\/2025\/12\/emyturizm-logo-150x150.jpg 150w, https:\/\/emyturizm.com\/wp-content\/uploads\/2025\/12\/emyturizm-logo-768x768.jpg 768w, https:\/\/emyturizm.com\/wp-content\/uploads\/2025\/12\/emyturizm-logo-1536x1536.jpg 1536w, https:\/\/emyturizm.com\/wp-content\/uploads\/2025\/12\/emyturizm-logo.jpg 1563w\" sizes=\"auto, (max-width: 1024px) 100vw, 1024px\" \/><\/figure>\n\n\n\n<figure class=\"wp-block-image aligncenter size-large is-resized is-style-rounded\"><img decoding=\"async\" src=\"https:\/\/www.bps.com.sa\/wp-content\/uploads\/2021\/12\/Website-Development-GIF.gif\" alt=\"\" style=\"width:444px;height:auto\"\/><\/figure>\n\n\n\n<p class=\"has-text-align-center\"><strong>Web sitemiz haz\u0131rlan\u0131yor&#8230;<\/strong><\/p>\n\n\n\n<p class=\"has-text-align-center\">L\u00fctfen daha sonra tekrar ziyaret ediniz.<\/p>\n","protected":false},"excerpt":{"rendered":"<p>Web sitemiz haz\u0131rlan\u0131yor&#8230; L\u00fctfen daha sonra tekrar ziyaret ediniz.<\/p>\n","protected":false},"author":1,"featured_media":0,"parent":0,"menu_order":0,"comment_status":"closed","ping_status":"closed","template":"","meta":{"footnotes":""},"class_list":["post-2","page","type-page","status-publish","hentry"],"_links":{"self":[{"href":"https:\/\/emyturizm.com\/index.php?rest_route=\/wp\/v2\/pages\/2","targetHints":{"allow":["GET"]}}],"collection":[{"href":"https:\/\/emyturizm.com\/index.php?rest_route=\/wp\/v2\/pages"}],"about":[{"href":"https:\/\/emyturizm.com\/index.php?rest_route=\/wp\/v2\/types\/page"}],"author":[{"embeddable":true,"href":"https:\/\/emyturizm.com\/index.php?rest_route=\/wp\/v2\/users\/1"}],"replies":[{"embeddable":true,"href":"https:\/\/emyturizm.com\/index.php?rest_route=%2Fwp%2Fv2%2Fcomments&post=2"}],"version-history":[{"count":9,"href":"https:\/\/emyturizm.com\/index.php?rest_route=\/wp\/v2\/pages\/2\/revisions"}],"predecessor-version":[{"id":24,"href":"https:\/\/emyturizm.com\/index.php?rest_route=\/wp\/v2\/pages\/2\/revisions\/24"}],"wp:attachment":[{"href":"https:\/\/emyturizm.com\/index.php?rest_route=%2Fwp%2Fv2%2Fmedia&parent=2"}],"curies":[{"name":"wp","href":"https:\/\/api.w.org\/{rel}","templated":true}]}}